{"id":142,"date":"2025-01-14T21:02:20","date_gmt":"2025-01-14T20:02:20","guid":{"rendered":"https:\/\/elrydergamerotaku.com\/?page_id=142"},"modified":"2025-10-23T22:21:39","modified_gmt":"2025-10-23T22:21:39","slug":"eventos-que-organizamos","status":"publish","type":"page","link":"https:\/\/elryderfrik.com\/ca\/eventos-que-organizamos\/","title":{"rendered":"ESDEVENIMENTS QUE ORGANITZEM"},"content":{"rendered":"<p>[et_pb_section fb_built=\u00bb1&#8243; _builder_version=\u00bb4.27.4&#8243; _module_preset=\u00bbdefault\u00bb global_colors_info=\u00bb{}\u00bb][et_pb_row _builder_version=\u00bb4.27.4&#8243; _module_preset=\u00bbdefault\u00bb global_colors_info=\u00bb{}\u00bb][et_pb_column type=\u00bb4_4&#8243; _builder_version=\u00bb4.27.4&#8243; _module_preset=\u00bbdefault\u00bb global_colors_info=\u00bb{}\u00bb][et_pb_heading title=\u00bbEventos que Colaboramos y organizamos\u00bb _builder_version=\u00bb4.27.4&#8243; _module_preset=\u00bbdefault\u00bb hover_enabled=\u00bb0&#8243; global_colors_info=\u00bb{}\u00bb background_color=\u00bb#000000&#8243; title_text_color=\u00bb#FFFFFF\u00bb title_text_align=\u00bbcenter\u00bb title_font=\u00bb|700|||||||\u00bb sticky_enabled=\u00bb0&#8243;][\/et_pb_heading][\/et_pb_column][\/et_pb_row][et_pb_row _builder_version=\u00bb4.27.4&#8243; _module_preset=\u00bbdefault\u00bb column_structure=\u00bb1_3,1_3,1_3&#8243;][et_pb_column _builder_version=\u00bb4.27.4&#8243; _module_preset=\u00bbdefault\u00bb type=\u00bb1_3&#8243;][et_pb_slider _builder_version=\u00bb4.27.4&#8243; _module_preset=\u00bbdefault\u00bb hover_enabled=\u00bb0&#8243; link_option_url=\u00bbwww.palamostecnofan.org\u00bb sticky_enabled=\u00bb0&#8243;][et_pb_slide heading=\u00bbTECNOFAN PARTY\u00bb button_text=\u00bbWeb evento\u00bb _builder_version=\u00bb4.27.4&#8243; _module_preset=\u00bbdefault\u00bb button_link=\u00bbwww.palamostecnofan.org\u00bb hover_enabled=\u00bb0&#8243; sticky_enabled=\u00bb0&#8243; title_text=\u00bbcropped-Tecnofan-palamos%911%93&#8243; image=\u00bbhttps:\/\/elryderfrik.com\/wp-content\/uploads\/2025\/10\/cropped-Tecnofan-palamos1.png\u00bb]<\/p>\n<p style=\"text-align: center;\">os complace colaborar una vez m\u00e1s en la creaci\u00f3n de una experiencia \u00fanica. Este es nuestro s\u00e9ptimo a\u00f1o y su encanto a\u00fan nos cautiva. El ambiente c\u00e1lido y acogedor es la se\u00f1a de identidad de este evento, que se ha convertido en una visita obligada, Siempre recomendamos participar en este evento, que es extraordinario y ofrece recuerdos duraderos, este evento es una verdadera joya, con consolas de juegos retro, apasionados jugadores, anime, manga y, lo m\u00e1s importante, torneos.<\/p>\n<p style=\"text-align: center;\"><strong>Te invitamos a unirte a nosotros y a disfrutar de una ocasi\u00f3n excepcional mientras nos apoyas. \u00a1Te damos la bienvenida!<\/strong><\/p>\n<p>[\/et_pb_slide][\/et_pb_slider][\/et_pb_column][et_pb_column _builder_version=\u00bb4.27.4&#8243; _module_preset=\u00bbdefault\u00bb type=\u00bb1_3&#8243;][et_pb_slider _builder_version=\u00bb4.27.4&#8243; _module_preset=\u00bbdefault\u00bb hover_enabled=\u00bb0&#8243; link_option_url=\u00bbhttps:\/\/www.rosestecnologic.com\/\u00bb sticky_enabled=\u00bb0&#8243;][et_pb_slide heading=\u00bbROSES TECNOLOGIC\u00bb button_text=\u00bbWeb evento\u00bb _builder_version=\u00bb4.27.4&#8243; _module_preset=\u00bbdefault\u00bb button_link=\u00bbhttps:\/\/www.rosestecnologic.com\/\u00bb hover_enabled=\u00bb0&#8243; sticky_enabled=\u00bb0&#8243; title_text=\u00bblogo-rosestecnologic%911%93&#8243; image=\u00bbhttps:\/\/elryderfrik.com\/wp-content\/uploads\/2025\/10\/logo-rosestecnologic1.png\u00bb link_option_url=\u00bbhttps:\/\/www.rosestecnologic.com\/\u00bb]<\/p>\n<p>Un evento \u00fanico en el que podremos disfrutar de una LAN Party repleta de premios y con una calidez humana que te conquista el coraz\u00f3n. Quien vaya, descubrir\u00e1 mucho y con nosotros habr\u00e1 un gran terremoto de actividades en el escenario. Eso s\u00ed, intentaremos mejorar mucho un evento \u00fanico.<\/p>\n<p>[\/et_pb_slide][\/et_pb_slider][\/et_pb_column][et_pb_column _builder_version=\u00bb4.27.4&#8243; _module_preset=\u00bbdefault\u00bb type=\u00bb1_3&#8243;][\/et_pb_column][\/et_pb_row][et_pb_row _builder_version=\u00bb4.27.4&#8243; _module_preset=\u00bbdefault\u00bb][et_pb_column _builder_version=\u00bb4.27.4&#8243; _module_preset=\u00bbdefault\u00bb type=\u00bb4_4&#8243;][et_pb_text _builder_version=\u00bb4.27.4&#8243; _module_preset=\u00bbdefault\u00bb hover_enabled=\u00bb0&#8243; sticky_enabled=\u00bb0&#8243; background_color=\u00bb#000000&#8243;]<\/p>\n<h1 style=\"text-align: center;\"><span style=\"color: #ffffff;\"><strong>BLOG DE LOS EVENTOS QUE HICIMOS<\/strong><\/span><\/h1>\n<p>[\/et_pb_text][et_pb_blog _builder_version=\u00bb4.27.4&#8243; _module_preset=\u00bbdefault\u00bb include_categories=\u00bb9&#8243; fullwidth=\u00bboff\u00bb header_text_color=\u00bb#000000&#8243; header_font=\u00bbAlice||||||||\u00bb header_font_size=\u00bb20px\u00bb box_shadow_style=\u00bbpreset4&#8243; hover_enabled=\u00bb0&#8243; sticky_enabled=\u00bb0&#8243;][\/et_pb_blog][\/et_pb_column][\/et_pb_row][\/et_pb_section][et_pb_section fb_built=\u00bb1&#8243; specialty=\u00bbon\u00bb admin_label=\u00bbSecci\u00f3n\u00bb _builder_version=\u00bb4.27.4&#8243; _module_preset=\u00bbdefault\u00bb global_colors_info=\u00bb{}\u00bb][et_pb_column type=\u00bb3_4&#8243; specialty_columns=\u00bb3&#8243; _builder_version=\u00bb4.16&#8243; custom_padding=\u00bb|||\u00bb global_colors_info=\u00bb{}\u00bb custom_padding__hover=\u00bb|||\u00bb][\/et_pb_column][et_pb_column type=\u00bb1_4&#8243; _builder_version=\u00bb4.16&#8243; custom_padding=\u00bb|||\u00bb global_colors_info=\u00bb{}\u00bb custom_padding__hover=\u00bb|||\u00bb][\/et_pb_column][\/et_pb_section]<\/p>\n","protected":false},"excerpt":{"rendered":"<p>os complace colaborar una vez m\u00e1s en la creaci\u00f3n de una experiencia \u00fanica. Este es nuestro s\u00e9ptimo a\u00f1o y su encanto a\u00fan nos cautiva. El ambiente c\u00e1lido y acogedor es la se\u00f1a de identidad de este evento, que se ha convertido en una visita obligada, Siempre recomendamos participar en este evento, que es extraordinario y [&hellip;]<\/p>\n","protected":false},"author":1,"featured_media":0,"parent":0,"menu_order":0,"comment_status":"closed","ping_status":"closed","template":"","meta":{"_et_pb_use_builder":"on","_et_pb_old_content":"<figure><a href=\"https:\/\/palamostecnofan.org\" tabindex=\"-1\"><img width=\"3118\" height=\"1492\" src=\"https:\/\/elryderfrik.com\/wp-content\/uploads\/2025\/01\/logo-sin-ano-min.png\" alt=\"\" \/><\/a><\/figure><p><p style=\"text-align: center\">Nos complace colaborar una vez m&aacute;s en la creaci&oacute;n de una experiencia &uacute;nica. Este es nuestro s&eacute;ptimo a&ntilde;o y su encanto a&uacute;n nos cautiva. El ambiente c&aacute;lido y acogedor es la se&ntilde;a de identidad de este evento, que se ha convertido en una visita obligada, Siempre recomendamos participar en este evento, que es extraordinario y ofrece recuerdos duraderos, este evento es una verdadera joya, con consolas de juegos retro, apasionados jugadores, anime, manga y, lo m&aacute;s importante, torneos.<\/p>\n<p style=\"text-align: center\"><strong>Te invitamos a unirte a nosotros y a disfrutar de una ocasi&oacute;n excepcional mientras nos apoyas. &iexcl;Te damos la bienvenida!<\/strong><br \/><br \/><strong>PAGINA OFICIAL DEL EVENTO www.palamostecnofan.org<\/strong><\/p><\/p>\t\t\t\t\n\t\t\t\t\t<figure><a href=\"https:\/\/www.rosestecnologic.com\/\" tabindex=\"-1\"><img width=\"2048\" height=\"1152\" src=\"https:\/\/elryderfrik.com\/wp-content\/uploads\/2025\/01\/Banner-pagina-dinici-670x330-2560-x-1440-px-2048x1152-1-png.webp\" alt=\"\" \/><\/a><\/figure><p><p>Un evento &uacute;nico en el que podremos disfrutar de una LAN Party repleta de premios y con una calidez humana que te conquista el coraz&oacute;n. Quien vaya, descubrir&aacute; mucho y con nosotros habr&aacute; un gran terremoto de actividades en el escenario. Eso s&iacute;, intentaremos mejorar mucho un evento &uacute;nico.<\/p>\n<p>Ven y unet&eacute;<\/p><\/p>\t\t\t\t\n\t\t\t\t<h2>Art\u00edculos de eventos  que hicimos<\/h2>\t\t\t\n\t\t\t\t<h2>Pr\u00f3ximos eventos  QUE IREMOS<\/h2>\t\t\t\n\t\t\t\t\t<h2>Eventos que orgnaizamos<\/h2>\t\t\t\t\n\t\t\t\t\t\t\t\t\t\t\t\t\t\t\t<img width=\"300\" height=\"144\" src=\"https:\/\/elryderfrik.com\/wp-content\/uploads\/2025\/01\/logo-sin-ano-min-300x144.webp\" alt=\"\" srcset=\"https:\/\/elrydergamerotaku.com\/wp-content\/uploads\/2025\/01\/logo-sin-ano-min-300x144.webp 300w, https:\/\/elrydergamerotaku.com\/wp-content\/uploads\/2025\/01\/logo-sin-ano-min-1024x490.webp 1024w, https:\/\/elrydergamerotaku.com\/wp-content\/uploads\/2025\/01\/logo-sin-ano-min-768x367.webp 768w, https:\/\/elrydergamerotaku.com\/wp-content\/uploads\/2025\/01\/logo-sin-ano-min-1536x735.webp 1536w, https:\/\/elrydergamerotaku.com\/wp-content\/uploads\/2025\/01\/logo-sin-ano-min-2048x980.webp 2048w, https:\/\/elrydergamerotaku.com\/wp-content\/uploads\/2025\/01\/logo-sin-ano-min-18x9.webp 18w\" sizes=\"(max-width: 300px) 100vw, 300px\" \/>\t\t\t\t\t\t\t\t\t\t\t\t\t\t\t\n\t\t\t<svg aria-hidden=\"true\" viewBox=\"0 0 448 512\" xmlns=\"http:\/\/www.w3.org\/2000\/svg\"><path d=\"M148 288h-40c-6.6 0-12-5.4-12-12v-40c0-6.6 5.4-12 12-12h40c6.6 0 12 5.4 12 12v40c0 6.6-5.4 12-12 12zm108-12v-40c0-6.6-5.4-12-12-12h-40c-6.6 0-12 5.4-12 12v40c0 6.6 5.4 12 12 12h40c6.6 0 12-5.4 12-12zm96 0v-40c0-6.6-5.4-12-12-12h-40c-6.6 0-12 5.4-12 12v40c0 6.6 5.4 12 12 12h40c6.6 0 12-5.4 12-12zm-96 96v-40c0-6.6-5.4-12-12-12h-40c-6.6 0-12 5.4-12 12v40c0 6.6 5.4 12 12 12h40c6.6 0 12-5.4 12-12zm-96 0v-40c0-6.6-5.4-12-12-12h-40c-6.6 0-12 5.4-12 12v40c0 6.6 5.4 12 12 12h40c6.6 0 12-5.4 12-12zm192 0v-40c0-6.6-5.4-12-12-12h-40c-6.6 0-12 5.4-12 12v40c0 6.6 5.4 12 12 12h40c6.6 0 12-5.4 12-12zm96-260v352c0 26.5-21.5 48-48 48H48c-26.5 0-48-21.5-48-48V112c0-26.5 21.5-48 48-48h48V12c0-6.6 5.4-12 12-12h40c6.6 0 12 5.4 12 12v52h128V12c0-6.6 5.4-12 12-12h40c6.6 0 12 5.4 12 12v52h48c26.5 0 48 21.5 48 48zm-48 346V160H48v298c0 3.3 2.7 6 6 6h340c3.3 0 6-2.7 6-6z\"><\/path><\/svg>\t\t\t\n\t\t\t\t\t<h2>Fechas pr\u00f3ximamente <\/h2>\t\t\t\t\n\t\t\t\t\t<h2>TECNOFAN PARTY 2025<\/h2>\t\t\t\t\n\t\t\t\t\t<a href=\"https:\/\/elryderfrik.com\/tecnofan-party-2025\/\">\n\t\t\t\t\t\t\t\t\tVer pagina \n\t\t\t\t\t<\/a>\n\t\t\t\t\t<h2>Eventos que visitaremos<\/h2>\t\t\t\t\n\t\t\t\t\t\t\t\t\t\t\t\t\t\t\t<img width=\"471\" height=\"97\" src=\"https:\/\/elryderfrik.com\/wp-content\/uploads\/2025\/01\/111-png.webp\" alt=\"\" srcset=\"https:\/\/elrydergamerotaku.com\/wp-content\/uploads\/2025\/01\/111-png.webp 471w, https:\/\/elrydergamerotaku.com\/wp-content\/uploads\/2025\/01\/111-300x62.webp 300w, https:\/\/elrydergamerotaku.com\/wp-content\/uploads\/2025\/01\/111-18x4.webp 18w\" sizes=\"(max-width: 471px) 100vw, 471px\" \/>\t\t\t\t\t\t\t\t\t\t\t\t\t\t\t\n\t\t\t<svg aria-hidden=\"true\" viewBox=\"0 0 448 512\" xmlns=\"http:\/\/www.w3.org\/2000\/svg\"><path d=\"M148 288h-40c-6.6 0-12-5.4-12-12v-40c0-6.6 5.4-12 12-12h40c6.6 0 12 5.4 12 12v40c0 6.6-5.4 12-12 12zm108-12v-40c0-6.6-5.4-12-12-12h-40c-6.6 0-12 5.4-12 12v40c0 6.6 5.4 12 12 12h40c6.6 0 12-5.4 12-12zm96 0v-40c0-6.6-5.4-12-12-12h-40c-6.6 0-12 5.4-12 12v40c0 6.6 5.4 12 12 12h40c6.6 0 12-5.4 12-12zm-96 96v-40c0-6.6-5.4-12-12-12h-40c-6.6 0-12 5.4-12 12v40c0 6.6 5.4 12 12 12h40c6.6 0 12-5.4 12-12zm-96 0v-40c0-6.6-5.4-12-12-12h-40c-6.6 0-12 5.4-12 12v40c0 6.6 5.4 12 12 12h40c6.6 0 12-5.4 12-12zm192 0v-40c0-6.6-5.4-12-12-12h-40c-6.6 0-12 5.4-12 12v40c0 6.6 5.4 12 12 12h40c6.6 0 12-5.4 12-12zm96-260v352c0 26.5-21.5 48-48 48H48c-26.5 0-48-21.5-48-48V112c0-26.5 21.5-48 48-48h48V12c0-6.6 5.4-12 12-12h40c6.6 0 12 5.4 12 12v52h128V12c0-6.6 5.4-12 12-12h40c6.6 0 12 5.4 12 12v52h48c26.5 0 48 21.5 48 48zm-48 346V160H48v298c0 3.3 2.7 6 6 6h340c3.3 0 6-2.7 6-6z\"><\/path><\/svg>\t\t\t\n\t\t\t\t\t<h2>5 \u2013 8 diciembre 2025<\/h2>\t\t\t\t\n\t\t\t\t\t<h2>MANGA BARCELONA 2025<\/h2>\t\t\t\t\n\t\t\t\t\t<a href=\"https:\/\/www.manga-barcelona.com\/es\">\n\t\t\t\t\t\t\t\t\tVer pagina \n\t\t\t\t\t<\/a>\n\t\t\t\t\t\t\t\t\t\t\t\t\t\t\t\t<a href=\"https:\/\/elryderfrik.com\/rosas-tecnologic\/\">\n\t\t\t\t\t\t\t<img width=\"640\" height=\"360\" src=\"https:\/\/elryderfrik.com\/wp-content\/uploads\/2025\/01\/Banner-pagina-dinici-670x330-2560-x-1440-px-2048x1152-1-1024x576.webp\" alt=\"\" srcset=\"https:\/\/elrydergamerotaku.com\/wp-content\/uploads\/2025\/01\/Banner-pagina-dinici-670x330-2560-x-1440-px-2048x1152-1-1024x576.webp 1024w, https:\/\/elrydergamerotaku.com\/wp-content\/uploads\/2025\/01\/Banner-pagina-dinici-670x330-2560-x-1440-px-2048x1152-1-300x169.webp 300w, https:\/\/elrydergamerotaku.com\/wp-content\/uploads\/2025\/01\/Banner-pagina-dinici-670x330-2560-x-1440-px-2048x1152-1-768x432.webp 768w, https:\/\/elrydergamerotaku.com\/wp-content\/uploads\/2025\/01\/Banner-pagina-dinici-670x330-2560-x-1440-px-2048x1152-1-1536x864.webp 1536w, https:\/\/elrydergamerotaku.com\/wp-content\/uploads\/2025\/01\/Banner-pagina-dinici-670x330-2560-x-1440-px-2048x1152-1-18x10.webp 18w, https:\/\/elrydergamerotaku.com\/wp-content\/uploads\/2025\/01\/Banner-pagina-dinici-670x330-2560-x-1440-px-2048x1152-1-1280x720.webp 1280w, https:\/\/elrydergamerotaku.com\/wp-content\/uploads\/2025\/01\/Banner-pagina-dinici-670x330-2560-x-1440-px-2048x1152-1-png.webp 2048w\" sizes=\"(max-width: 640px) 100vw, 640px\" \/>\t\t\t\t\t\t\t\t<\/a>\n\t\t\t<svg aria-hidden=\"true\" viewBox=\"0 0 448 512\" xmlns=\"http:\/\/www.w3.org\/2000\/svg\"><path d=\"M148 288h-40c-6.6 0-12-5.4-12-12v-40c0-6.6 5.4-12 12-12h40c6.6 0 12 5.4 12 12v40c0 6.6-5.4 12-12 12zm108-12v-40c0-6.6-5.4-12-12-12h-40c-6.6 0-12 5.4-12 12v40c0 6.6 5.4 12 12 12h40c6.6 0 12-5.4 12-12zm96 0v-40c0-6.6-5.4-12-12-12h-40c-6.6 0-12 5.4-12 12v40c0 6.6 5.4 12 12 12h40c6.6 0 12-5.4 12-12zm-96 96v-40c0-6.6-5.4-12-12-12h-40c-6.6 0-12 5.4-12 12v40c0 6.6 5.4 12 12 12h40c6.6 0 12-5.4 12-12zm-96 0v-40c0-6.6-5.4-12-12-12h-40c-6.6 0-12 5.4-12 12v40c0 6.6 5.4 12 12 12h40c6.6 0 12-5.4 12-12zm192 0v-40c0-6.6-5.4-12-12-12h-40c-6.6 0-12 5.4-12 12v40c0 6.6 5.4 12 12 12h40c6.6 0 12-5.4 12-12zm96-260v352c0 26.5-21.5 48-48 48H48c-26.5 0-48-21.5-48-48V112c0-26.5 21.5-48 48-48h48V12c0-6.6 5.4-12 12-12h40c6.6 0 12 5.4 12 12v52h128V12c0-6.6 5.4-12 12-12h40c6.6 0 12 5.4 12 12v52h48c26.5 0 48 21.5 48 48zm-48 346V160H48v298c0 3.3 2.7 6 6 6h340c3.3 0 6-2.7 6-6z\"><\/path><\/svg>\t\t\t\n\t\t\t\t\t<h2>Pr\u00f3ximamente mas detalles<\/h2>\t\t\t\t\n\t\t\t\t\t<h2>3 Sal\u00f3n Tecnol\u00f3gico y manga en rosas<\/h2>\t\t\t\t\n\t\t<p>Un nuevo evento en el que estaremos para ti, si quieres saber que haremos en el escenario pincha en la imagen.\u00a0<\/p>\t\t\n\t\t\t\t\t<a role=\"button\">\n\t\t\t\t\t\t\t\t\tVer pagina\n\t\t\t\t\t<\/a>\n\t\t\t\t\t\t\t\t\t\t\t\t\t\t\t<img width=\"640\" height=\"338\" src=\"https:\/\/elryderfrik.com\/wp-content\/uploads\/2025\/01\/sss-png.webp\" alt=\"\" srcset=\"https:\/\/elrydergamerotaku.com\/wp-content\/uploads\/2025\/01\/sss-png.webp 715w, https:\/\/elrydergamerotaku.com\/wp-content\/uploads\/2025\/01\/sss-300x159.webp 300w, https:\/\/elrydergamerotaku.com\/wp-content\/uploads\/2025\/01\/sss-18x10.webp 18w\" sizes=\"(max-width: 640px) 100vw, 640px\" \/>\t\t\t\t\t\t\t\t\t\t\t\t\t\t\t\n\t\t\t<svg aria-hidden=\"true\" viewBox=\"0 0 448 512\" xmlns=\"http:\/\/www.w3.org\/2000\/svg\"><path d=\"M148 288h-40c-6.6 0-12-5.4-12-12v-40c0-6.6 5.4-12 12-12h40c6.6 0 12 5.4 12 12v40c0 6.6-5.4 12-12 12zm108-12v-40c0-6.6-5.4-12-12-12h-40c-6.6 0-12 5.4-12 12v40c0 6.6 5.4 12 12 12h40c6.6 0 12-5.4 12-12zm96 0v-40c0-6.6-5.4-12-12-12h-40c-6.6 0-12 5.4-12 12v40c0 6.6 5.4 12 12 12h40c6.6 0 12-5.4 12-12zm-96 96v-40c0-6.6-5.4-12-12-12h-40c-6.6 0-12 5.4-12 12v40c0 6.6 5.4 12 12 12h40c6.6 0 12-5.4 12-12zm-96 0v-40c0-6.6-5.4-12-12-12h-40c-6.6 0-12 5.4-12 12v40c0 6.6 5.4 12 12 12h40c6.6 0 12-5.4 12-12zm192 0v-40c0-6.6-5.4-12-12-12h-40c-6.6 0-12 5.4-12 12v40c0 6.6 5.4 12 12 12h40c6.6 0 12-5.4 12-12zm96-260v352c0 26.5-21.5 48-48 48H48c-26.5 0-48-21.5-48-48V112c0-26.5 21.5-48 48-48h48V12c0-6.6 5.4-12 12-12h40c6.6 0 12 5.4 12 12v52h128V12c0-6.6 5.4-12 12-12h40c6.6 0 12 5.4 12 12v52h48c26.5 0 48 21.5 48 48zm-48 346V160H48v298c0 3.3 2.7 6 6 6h340c3.3 0 6-2.7 6-6z\"><\/path><\/svg>\t\t\t\n\t\t\t\t\t<h2>24.05.2025 - 10:00 \/ 20:00\nS\u00e1bado y domingo<\/h2>\t\t\t\t\n\t\t\t\t\t<h2>EXPOTAKU LA CORU\u00d1A 2025<\/h2>\t\t\t\t\n\t\t<p>Un evento ya familiarizado con un mont\u00f3n de artistas muy talentosos y muchos genios con sus creaciones sin igual en Galicia.<\/p>\t\t\n\t\t\t\t\t<a href=\"https:\/\/www.expotaku.com\/a-coruna\/\">\n\t\t\t\t\t\t\t\t\tVer pagina\n\t\t\t\t\t<\/a>","_et_gb_content_width":"","_themeisle_gutenberg_block_has_review":false,"footnotes":""},"class_list":["post-142","page","type-page","status-publish","hentry"],"_links":{"self":[{"href":"https:\/\/elryderfrik.com\/ca\/wp-json\/wp\/v2\/pages\/142","targetHints":{"allow":["GET"]}}],"collection":[{"href":"https:\/\/elryderfrik.com\/ca\/wp-json\/wp\/v2\/pages"}],"about":[{"href":"https:\/\/elryderfrik.com\/ca\/wp-json\/wp\/v2\/types\/page"}],"author":[{"embeddable":true,"href":"https:\/\/elryderfrik.com\/ca\/wp-json\/wp\/v2\/users\/1"}],"replies":[{"embeddable":true,"href":"https:\/\/elryderfrik.com\/ca\/wp-json\/wp\/v2\/comments?post=142"}],"version-history":[{"count":0,"href":"https:\/\/elryderfrik.com\/ca\/wp-json\/wp\/v2\/pages\/142\/revisions"}],"wp:attachment":[{"href":"https:\/\/elryderfrik.com\/ca\/wp-json\/wp\/v2\/media?parent=142"}],"curies":[{"name":"wp","href":"https:\/\/api.w.org\/{rel}","templated":true}]}}