{"id":4897,"date":"2025-10-24T12:16:09","date_gmt":"2025-10-24T12:16:09","guid":{"rendered":"https:\/\/elryderfrik.com\/?page_id=4897"},"modified":"2025-10-24T14:06:22","modified_gmt":"2025-10-24T14:06:22","slug":"legal-cookies","status":"publish","type":"page","link":"https:\/\/elryderfrik.com\/ca\/legal-cookies\/","title":{"rendered":"Av\u00eds Legal Galetes"},"content":{"rendered":"\n[et_pb_section fb_built=\u00bb1&#8243; theme_builder_area=\u00bbpost_content\u00bb _builder_version=\u00bb4.27.4&#8243; _module_preset=\u00bbdefault\u00bb][et_pb_row _builder_version=\u00bb4.27.4&#8243; _module_preset=\u00bbdefault\u00bb theme_builder_area=\u00bbpost_content\u00bb][et_pb_column _builder_version=\u00bb4.27.4&#8243; _module_preset=\u00bbdefault\u00bb type=\u00bb4_4&#8243; theme_builder_area=\u00bbpost_content\u00bb][et_pb_heading _builder_version=\u00bb4.27.4&#8243; _module_preset=\u00bbdefault\u00bb theme_builder_area=\u00bbpost_content\u00bb hover_enabled=\u00bb0&#8243; sticky_enabled=\u00bb0&#8243;][\/et_pb_heading][et_pb_text _builder_version=\u00bb4.27.4&#8243; _module_preset=\u00bbdefault\u00bb theme_builder_area=\u00bbpost_content\u00bb hover_enabled=\u00bb0&#8243; sticky_enabled=\u00bb0&#8243;]<h1 data-start=\"174\" data-end=\"211\"><strong>AVISO LEGAL + POL\u00cdTICA DE COOKIES<\/strong><\/h1>\n<p data-start=\"212\" data-end=\"332\"><strong data-start=\"212\" data-end=\"238\">EL RYDER GAMER &amp; OTAKU<\/strong><br data-start=\"238\" data-end=\"241\" \/>Web: <em data-start=\"246\" data-end=\"293\">elrydergamerotak-aqim8f06rb.live-website.com\/<\/em><br data-start=\"293\" data-end=\"296\" \/>\u00daltima actualizaci\u00f3n: <strong data-start=\"318\" data-end=\"332\">24\/10\/2025<\/strong><\/p>\n<hr data-start=\"334\" data-end=\"337\" \/>\n<h2 data-start=\"339\" data-end=\"364\"><strong>1. Datos del titular<\/strong><\/h2>\n<p data-start=\"365\" data-end=\"729\">El titular de este sitio web es: <strong data-start=\"398\" data-end=\"424\">EL RYDER GAMER &amp; OTAKU<\/strong><br data-start=\"424\" data-end=\"427\" \/>Correo electr\u00f3nico de contacto: <strong data-start=\"459\" data-end=\"475\">[IR AL FORMULARIO PARA ELLO]<\/strong><br data-start=\"475\" data-end=\"478\" \/>Pa\u00eds: Espa\u00f1a<br data-start=\"490\" data-end=\"493\" \/>Normativa aplicable: Reglamento (UE) 2016\/679 (RGPD) + Ley Org\u00e1nica 3\/2018 de Protecci\u00f3n de Datos y Garant\u00eda de Derechos Digitales (LOPDGDD) + Ley 34\/2002 de Servicios de la Sociedad de la Informaci\u00f3n y de Comercio Electr\u00f3nico (LSSICE).<\/p>\n<hr data-start=\"731\" data-end=\"734\" \/>\n<h2 data-start=\"736\" data-end=\"776\"><strong>2. Condiciones de uso del sitio web<\/strong><\/h2>\n<p data-start=\"777\" data-end=\"1351\">El acceso, navegaci\u00f3n y uso de este sitio web atribuye la condici\u00f3n de Usuario, que acepta desde dicho acceso el presente Aviso Legal en su totalidad.<br data-start=\"927\" data-end=\"930\" \/>El titular se reserva el derecho a modificar sin previo aviso tanto el contenido de este sitio como sus condiciones de uso, pol\u00edticas, etc.<br data-start=\"1069\" data-end=\"1072\" \/>Los contenidos (textos, im\u00e1genes, dise\u00f1os, c\u00f3digos, marcas, etc.) est\u00e1n protegidos por derechos de propiedad intelectual e industrial. Su reproducci\u00f3n, distribuci\u00f3n, transformaci\u00f3n o comunicaci\u00f3n p\u00fablica sin autorizaci\u00f3n est\u00e1 prohibida, salvo interactividad permitida del portal.<\/p>\n<hr data-start=\"1353\" data-end=\"1356\" \/>\n<h2 data-start=\"1358\" data-end=\"1385\"><strong>3. Pol\u00edtica de cookies<\/strong><\/h2>\n<h3 data-start=\"1386\" data-end=\"1417\"><strong>3.1 \u00bfQu\u00e9 son las cookies?<\/strong><\/h3>\n<p data-start=\"1418\" data-end=\"1632\">Las cookies son ficheros que los sitios web env\u00edan al navegador del Usuario para almacenar datos que luego el propio sitio puede recuperar para diferentes finalidades, como optimizaci\u00f3n, an\u00e1lisis o personalizaci\u00f3n.<\/p>\n<h3 data-start=\"1634\" data-end=\"1668\"><strong>3.2 \u00bfPor qu\u00e9 usamos cookies?<\/strong><\/h3>\n<p data-start=\"1669\" data-end=\"1842\">Para mejorar tu experiencia de navegaci\u00f3n, reconocer tus preferencias, mantener la sesi\u00f3n iniciada, analizar el uso del sitio, detectar errores y mejorar nuestros servicios.<\/p>\n<h3 data-start=\"1844\" data-end=\"1887\"><strong>3.3 \u00bfQu\u00e9 tipos de cookies utilizamos?<\/strong><\/h3>\n<ul data-start=\"1888\" data-end=\"2348\">\n<li data-start=\"1888\" data-end=\"1954\">\n<p data-start=\"1890\" data-end=\"1954\">Cookies t\u00e9cnicas: necesarias para el funcionamiento del sitio.<\/p>\n<\/li>\n<li data-start=\"1955\" data-end=\"2049\">\n<p data-start=\"1957\" data-end=\"2049\">Cookies de preferencia: para recordar tus elecciones (nombre, correo, web en comentarios).<\/p>\n<\/li>\n<li data-start=\"2050\" data-end=\"2125\">\n<p data-start=\"2052\" data-end=\"2125\">Cookies de sesi\u00f3n: para mantener la sesi\u00f3n cuando accedes como usuario.<\/p>\n<\/li>\n<li data-start=\"2126\" data-end=\"2209\">\n<p data-start=\"2128\" data-end=\"2209\">Cookies de an\u00e1lisis: recogen informaci\u00f3n sobre c\u00f3mo los usuarios usan el sitio.<\/p>\n<\/li>\n<li data-start=\"2210\" data-end=\"2348\">\n<p data-start=\"2212\" data-end=\"2348\">Cookies de terceros: servicios externos que act\u00faan en este sitio (por ejemplo, plataformas de v\u00eddeo, servicios de gesti\u00f3n de cookies).<\/p>\n<\/li>\n<\/ul>\n<h3 data-start=\"2350\" data-end=\"2374\"><strong>3.4 Consentimiento<\/strong><\/h3>\n<p data-start=\"2375\" data-end=\"2648\">El uso de cookies no esenciales s\u00f3lo se realiza si el Usuario ha prestado su consentimiento libre, informado e inequ\u00edvoco.<br data-start=\"2497\" data-end=\"2500\" \/>Al acceder y continuar en el sitio, se mostrar\u00e1 un banner o aviso espec\u00edfico para cookies, y podr\u00e1s aceptarlas o rechazarlas seg\u00fan tus preferencias.<\/p>\n<h3 data-start=\"2650\" data-end=\"2697\"><strong>3.5 C\u00f3mo gestionar o eliminar las cookies<\/strong><\/h3>\n<p data-start=\"2698\" data-end=\"2902\">Puedes rechazar o eliminar las cookies mediante la configuraci\u00f3n de tu navegador. Tambi\u00e9n, cuando est\u00e9 habilitado en este sitio, podr\u00e1s cambiar tus preferencias desde el enlace \u201cConfiguraci\u00f3n de cookies\u201d.<\/p>\n<h3 data-start=\"2904\" data-end=\"2941\"><strong>3.6 Lista de cookies utilizadas<\/strong><\/h3>\n<ul data-start=\"3110\" data-end=\"3192\">\n<li data-start=\"3110\" data-end=\"3133\">\n<p data-start=\"3112\" data-end=\"3133\"><strong>Disque &#8211; <\/strong><strong>Comentarios en la Web &#8211; <\/strong><strong>indefinido &#8211; <\/strong><strong>Tipo de terceros<\/strong><\/p>\n<\/li>\n<li data-start=\"3134\" data-end=\"3147\">\n<p data-start=\"3136\" data-end=\"3147\"><strong>Youtube &#8211; Videos en articulos y web general &#8211;\u00a0 Temporal &#8211; Tipo de terceros<\/strong><\/p>\n<\/li>\n<\/ul>\n<h3 data-start=\"3194\" data-end=\"3244\"><strong>3.7 Plazo de conservaci\u00f3n del consentimiento<\/strong><\/h3>\n<p data-start=\"3245\" data-end=\"3458\">El consentimiento otorgado tendr\u00e1 validez hasta que el Usuario lo retire o hasta que se produzca un cambio t\u00e9cnico significativo en las cookies utilizadas, en cuyo caso se volver\u00e1 a solicitar dicho consentimiento.<\/p>\n<h3 data-start=\"3460\" data-end=\"3493\"><strong>3.8 Uso del servicio Disque<\/strong><\/h3>\n<p data-start=\"3494\" data-end=\"3883\">Este sitio web utiliza tambi\u00e9n el servicio <strong data-start=\"3537\" data-end=\"3547\">Disque<\/strong> para la gesti\u00f3n de ciertas funcionalidades relacionadas con cookies o seguimiento.<br data-start=\"3630\" data-end=\"3633\" \/>El uso del servicio Disque puede implicar la instalaci\u00f3n de cookies propias o de terceros vinculadas al servicio.<br data-start=\"3746\" data-end=\"3749\" \/>El tratamiento de datos a trav\u00e9s de Disque queda sometido al consentimiento informado del Usuario conforme a esta pol\u00edtica de cookies.<\/p>\n<hr data-start=\"3885\" data-end=\"3888\" \/>\n<h2 data-start=\"3890\" data-end=\"3924\"><strong>4. Legislaci\u00f3n y jurisdicci\u00f3n<\/strong><\/h2>\n<p data-start=\"3925\" data-end=\"4149\">Este Aviso Legal y la Pol\u00edtica de Cookies se rigen por la legislaci\u00f3n espa\u00f1ola vigente. En caso de conflicto, se someter\u00e1 a los Juzgados y Tribunales del domicilio del Usuario cuando la normativa aplicable as\u00ed lo establezca.<\/p>[\/et_pb_text][\/et_pb_column][\/et_pb_row][\/et_pb_section]\n","protected":false},"excerpt":{"rendered":"<p>AVISO LEGAL + POL\u00cdTICA DE COOKIES EL RYDER GAMER &amp; OTAKUWeb: elrydergamerotak-aqim8f06rb.live-website.com\/\u00daltima actualizaci\u00f3n: 24\/10\/2025 1. Datos del titular El titular de este sitio web es: EL RYDER GAMER &amp; OTAKUCorreo electr\u00f3nico de contacto: [IR AL FORMULARIO PARA ELLO]Pa\u00eds: Espa\u00f1aNormativa aplicable: Reglamento (UE) 2016\/679 (RGPD) + Ley Org\u00e1nica 3\/2018 de Protecci\u00f3n de Datos y Garant\u00eda de [&hellip;]<\/p>\n","protected":false},"author":1,"featured_media":0,"parent":0,"menu_order":0,"comment_status":"closed","ping_status":"closed","template":"","meta":{"_et_pb_use_builder":"on","_et_pb_old_content":"","_et_gb_content_width":"","_themeisle_gutenberg_block_has_review":false,"footnotes":""},"class_list":["post-4897","page","type-page","status-publish","hentry"],"_links":{"self":[{"href":"https:\/\/elryderfrik.com\/ca\/wp-json\/wp\/v2\/pages\/4897","targetHints":{"allow":["GET"]}}],"collection":[{"href":"https:\/\/elryderfrik.com\/ca\/wp-json\/wp\/v2\/pages"}],"about":[{"href":"https:\/\/elryderfrik.com\/ca\/wp-json\/wp\/v2\/types\/page"}],"author":[{"embeddable":true,"href":"https:\/\/elryderfrik.com\/ca\/wp-json\/wp\/v2\/users\/1"}],"replies":[{"embeddable":true,"href":"https:\/\/elryderfrik.com\/ca\/wp-json\/wp\/v2\/comments?post=4897"}],"version-history":[{"count":0,"href":"https:\/\/elryderfrik.com\/ca\/wp-json\/wp\/v2\/pages\/4897\/revisions"}],"wp:attachment":[{"href":"https:\/\/elryderfrik.com\/ca\/wp-json\/wp\/v2\/media?parent=4897"}],"curies":[{"name":"wp","href":"https:\/\/api.w.org\/{rel}","templated":true}]}}