{"id":4731,"date":"2025-01-12T22:23:51","date_gmt":"2025-01-12T21:23:51","guid":{"rendered":"https:\/\/elrydergamerotaku.com\/?page_id=3"},"modified":"2025-10-24T13:33:46","modified_gmt":"2025-10-24T13:33:46","slug":"politica-privacidad","status":"publish","type":"page","link":"https:\/\/elryderfrik.com\/en\/politica-privacidad\/","title":{"rendered":"Privacy Policy"},"content":{"rendered":"[et_pb_section fb_built=\u00bb1&#8243; next_background_color=\u00bb#000000&#8243; admin_label=\u00bbsection\u00bb _builder_version=\u00bb4.27.4&#8243; top_divider_style=\u00bbmountains2&#8243; top_divider_color=\u00bb#212121&#8243; bottom_divider_style=\u00bbmountains2&#8243; global_colors_info=\u00bb{}\u00bb][et_pb_row admin_label=\u00bbrow\u00bb _builder_version=\u00bb4.16&#8243; background_size=\u00bbinitial\u00bb background_position=\u00bbtop_left\u00bb background_repeat=\u00bbrepeat\u00bb global_colors_info=\u00bb{}\u00bb][et_pb_column type=\u00bb4_4&#8243; _builder_version=\u00bb4.16&#8243; custom_padding=\u00bb|||\u00bb global_colors_info=\u00bb{}\u00bb custom_padding__hover=\u00bb|||\u00bb][et_pb_text admin_label=\u00bbText\u00bb _builder_version=\u00bb4.27.4&#8243; background_size=\u00bbinitial\u00bb background_position=\u00bbtop_left\u00bb background_repeat=\u00bbrepeat\u00bb text_text_shadow_style=\u00bbpreset4&#8243; text_text_shadow_color=\u00bbRGBA(255,255,255,0)\u00bb global_colors_info=\u00bb{}\u00bb]<p><\/p>\n<h2 class=\"wp-block-heading\" data-start=\"289\" data-end=\"319\"><strong>\ud83d\udccc POL\u00cdTICA DE PRIVACIDAD<\/strong><\/h2>\n<p data-start=\"320\" data-end=\"403\"><strong data-start=\"320\" data-end=\"346\">EL RYDER GAMER &amp; OTAKU<\/strong><br data-start=\"346\" data-end=\"349\" \/>Web: <em data-start=\"354\" data-end=\"401\">elrydergamerotak-aqim8f06rb.live-website.com\/<\/em><\/p>\n<p data-start=\"405\" data-end=\"441\">\u00daltima actualizaci\u00f3n: <strong data-start=\"427\" data-end=\"441\">24\/10\/2025<\/strong><\/p>\n<hr data-start=\"443\" data-end=\"446\" \/>\n<h3 data-start=\"448\" data-end=\"493\"><strong>1. Responsable del Tratamiento de Datos<\/strong><\/h3>\n<p data-start=\"494\" data-end=\"584\">El responsable del tratamiento de los datos de esta web es:<br data-start=\"553\" data-end=\"556\" \/><strong data-start=\"556\" data-end=\"582\">EL RYDER GAMER &amp; OTAKU<\/strong><\/p>\n<p data-start=\"586\" data-end=\"729\">\ud83d\udce7 Email de contacto para privacidad: <strong data-start=\"624\" data-end=\"640\">[<a href=\"https:\/\/elryderfrik.com\/contactanos\/\">contactar v\u00eda formulario proporcionado en mas abajo<\/a>]<\/strong><br data-start=\"640\" data-end=\"643\" \/>\ud83d\udccd Pa\u00eds: <strong data-start=\"652\" data-end=\"662\">Espa\u00f1a<\/strong><br data-start=\"662\" data-end=\"665\" \/>Normativa aplicable: <strong data-start=\"686\" data-end=\"708\">RGPD (UE) 2016\/679<\/strong> y <strong data-start=\"711\" data-end=\"729\">LOPDGDD 3\/2018<\/strong><\/p>\n<hr data-start=\"731\" data-end=\"734\" \/>\n<h3 data-start=\"736\" data-end=\"795\"><strong>2. Qu\u00e9 datos personales recopilamos y con qu\u00e9 finalidad<\/strong><\/h3>\n<h4 data-start=\"797\" data-end=\"817\">\u2b50 Comentarios<\/h4>\n<p data-start=\"818\" data-end=\"856\">Al dejar un comentario, recopilamos:<\/p>\n<ul data-start=\"857\" data-end=\"948\">\n<li data-start=\"857\" data-end=\"895\">\n<p data-start=\"859\" data-end=\"895\">Datos introducidos en el formulario<\/p>\n<\/li>\n<li data-start=\"896\" data-end=\"912\">\n<p data-start=\"898\" data-end=\"912\">Direcci\u00f3n IP<\/p>\n<\/li>\n<li data-start=\"913\" data-end=\"948\">\n<p data-start=\"915\" data-end=\"948\">Agente de usuario del navegador<\/p>\n<\/li>\n<li data-start=\"913\" data-end=\"948\">Se utiliza el comentador Disqus con lo cual tambien teneis las politicas que el servicio <a href=\"https:\/\/help.disqus.com\/en\/collections\/191787-terms-and-policies\">Disqus utiliza aqui<\/a><\/li>\n<\/ul>\n<p data-start=\"950\" data-end=\"1173\">Se utilizan para prevenir spam y garantizar la seguridad del sitio.<br data-start=\"1017\" data-end=\"1020\" \/>Un hash an\u00f3nimo de tu email puede enviarse a <strong data-start=\"1065\" data-end=\"1077\">Gravatar<\/strong> para comprobar si tienes perfil all\u00ed.<br data-start=\"1115\" data-end=\"1118\" \/>Pol\u00edtica de Gravatar: <a data-start=\"1140\" data-end=\"1171\" rel=\"noopener\" target=\"_new\" class=\"decorated-link\" href=\"https:\/\/automattic.com\/privacy\/\">https:\/\/automattic.com\/privacy\/<span aria-hidden=\"true\" class=\"ms-0.5 inline-block align-middle leading-none\"><svg width=\"20\" height=\"20\" viewbox=\"0 0 20 20\" fill=\"currentColor\" xmlns=\"http:\/\/www.w3.org\/2000\/svg\" data-rtl-flip=\"\" class=\"block h-[0.75em] w-[0.75em] stroke-current stroke-[0.75]\"><path d=\"M14.3349 13.3301V6.60645L5.47065 15.4707C5.21095 15.7304 4.78895 15.7304 4.52925 15.4707C4.26955 15.211 4.26955 14.789 4.52925 14.5293L13.3935 5.66504H6.66011C6.29284 5.66504 5.99507 5.36727 5.99507 5C5.99507 4.63273 6.29284 4.33496 6.66011 4.33496H14.9999L15.1337 4.34863C15.4369 4.41057 15.665 4.67857 15.665 5V13.3301C15.6649 13.6973 15.3672 13.9951 14.9999 13.9951C14.6327 13.9951 14.335 13.6973 14.3349 13.3301Z\"><\/path><\/svg><\/span><\/a><\/p>\n<p data-start=\"1175\" data-end=\"1246\">Tras aprobar el comentario, tu avatar ser\u00e1 p\u00fablico junto al comentario.<\/p>\n<h4 data-start=\"1248\" data-end=\"1288\"><strong>\u2b50 Im\u00e1genes y contenido multimedia<\/strong><\/h4>\n<p data-start=\"1289\" data-end=\"1422\">Si subes im\u00e1genes, evita que contengan datos de geolocalizaci\u00f3n (EXIF GPS).<br data-start=\"1364\" data-end=\"1367\" \/>Otros usuarios pueden descargar y extraer dichos datos.<\/p>\n<h4 data-start=\"1424\" data-end=\"1440\">\u2b50 <strong>Cookies<\/strong><\/h4>\n<p data-start=\"1441\" data-end=\"1467\">Utilizamos cookies para:<\/p>\n<ul data-start=\"1468\" data-end=\"1662\">\n<li data-start=\"1468\" data-end=\"1528\">\n<p data-start=\"1470\" data-end=\"1528\">Recordar datos del formulario de comentarios (<strong data-start=\"1516\" data-end=\"1525\">1 a\u00f1o<\/strong>)<\/p>\n<\/li>\n<li data-start=\"1529\" data-end=\"1613\">\n<p data-start=\"1531\" data-end=\"1613\">Mantener la sesi\u00f3n iniciada (<strong data-start=\"1560\" data-end=\"1570\">2 d\u00edas<\/strong>, o <strong data-start=\"1574\" data-end=\"1587\">2 semanas<\/strong> si eliges \u201cRecu\u00e9rdame\u201d)<\/p>\n<\/li>\n<li data-start=\"1614\" data-end=\"1662\">\n<p data-start=\"1616\" data-end=\"1662\">Guardar preferencias de pantalla (<strong data-start=\"1650\" data-end=\"1659\">1 a\u00f1o<\/strong>)<\/p>\n<\/li>\n<\/ul>\n<p data-start=\"1664\" data-end=\"1722\">Puedes eliminarlas desde la configuraci\u00f3n de tu navegador.<\/p>\n<h4 data-start=\"1724\" data-end=\"1753\"><strong>\u2b50 Contenido incrustado<\/strong><\/h4>\n<p data-start=\"1754\" data-end=\"1927\">Algunos art\u00edculos pueden incluir v\u00eddeos, im\u00e1genes o contenido externo (p. ej.: YouTube).<br data-start=\"1842\" data-end=\"1845\" \/>Estos servicios pueden recopilar datos como si navegaras directamente en sus webs.<\/p>\n<hr data-start=\"1929\" data-end=\"1932\" \/>\n<h3 data-start=\"1934\" data-end=\"1974\"><strong>3. Con qui\u00e9n compartimos tus datos<\/strong><\/h3>\n<p data-start=\"1975\" data-end=\"2067\">En general, <strong data-start=\"1987\" data-end=\"2024\">no compartimos datos con terceros<\/strong>.<br data-start=\"2025\" data-end=\"2028\" \/>Solo pueden acceder a tu informaci\u00f3n:<\/p>\n<ul data-start=\"2068\" data-end=\"2145\">\n<li data-start=\"2068\" data-end=\"2090\">\n<p data-start=\"2070\" data-end=\"2090\">Servicio anti-spam<\/p>\n<\/li>\n<li data-start=\"2091\" data-end=\"2145\">\n<p data-start=\"2093\" data-end=\"2145\">Plataformas de contenido incrustado como <strong data-start=\"2134\" data-end=\"2145\">YouTube<\/strong><\/p>\n<\/li>\n<li>Se utiliza el comentador <strong>Disqus<\/strong> con lo cual tambien teneis las politicas que el servicio <a href=\"https:\/\/help.disqus.com\/en\/collections\/191787-terms-and-policies\">Disqus utiliza aqui<\/a><strong data-start=\"2134\" data-end=\"2145\"><\/strong><\/li>\n<\/ul>\n<p data-start=\"2147\" data-end=\"2241\">Si pides un restablecimiento de contrase\u00f1a, tu IP puede incluirse en el email de recuperaci\u00f3n.<\/p>\n<hr data-start=\"2243\" data-end=\"2246\" \/>\n<h3 data-start=\"2248\" data-end=\"2292\"><strong>4. Tiempo de conservaci\u00f3n de los datos<\/strong><\/h3>\n<ul data-start=\"2293\" data-end=\"2564\">\n<li data-start=\"2293\" data-end=\"2389\">\n<p data-start=\"2295\" data-end=\"2389\"><strong data-start=\"2295\" data-end=\"2311\">Comentarios:<\/strong> se conservan indefinidamente, para reconocer y aprobar comentarios futuros.<\/p>\n<\/li>\n<li data-start=\"2390\" data-end=\"2470\">\n<p data-start=\"2392\" data-end=\"2470\"><strong data-start=\"2392\" data-end=\"2428\">Cuentas de usuario (si las hay):<\/strong> mientras el usuario mantenga su cuenta.<\/p>\n<\/li>\n<li data-start=\"2471\" data-end=\"2564\">\n<p data-start=\"2473\" data-end=\"2564\"><strong data-start=\"2473\" data-end=\"2501\">Formularios de contacto:<\/strong> la informaci\u00f3n se mantiene hasta <strong data-start=\"2535\" data-end=\"2544\">1 a\u00f1o<\/strong> y luego se elimina.<\/p>\n<\/li>\n<\/ul>\n<hr data-start=\"2566\" data-end=\"2569\" \/>\n<h3 data-start=\"2571\" data-end=\"2600\"><strong>5. Derechos del usuario<\/strong><\/h3>\n<p data-start=\"2601\" data-end=\"2655\">Como usuario, puedes solicitar en cualquier momento:<\/p>\n<ul data-start=\"2656\" data-end=\"2787\">\n<li data-start=\"2656\" data-end=\"2678\">\n<p data-start=\"2658\" data-end=\"2678\">Acceso a tus datos<\/p>\n<\/li>\n<li data-start=\"2679\" data-end=\"2712\">\n<p data-start=\"2681\" data-end=\"2712\">Rectificaci\u00f3n o actualizaci\u00f3n<\/p>\n<\/li>\n<li data-start=\"2713\" data-end=\"2728\">\n<p data-start=\"2715\" data-end=\"2728\">Eliminaci\u00f3n<\/p>\n<\/li>\n<li data-start=\"2729\" data-end=\"2745\">\n<p data-start=\"2731\" data-end=\"2745\">Portabilidad<\/p>\n<\/li>\n<li data-start=\"2746\" data-end=\"2787\">\n<p data-start=\"2748\" data-end=\"2787\">Limitaci\u00f3n u oposici\u00f3n al tratamiento<\/p>\n<\/li>\n<\/ul>\n<p data-start=\"2789\" data-end=\"2848\">Puedes ejercer tus derechos escribiendo en el : <strong data-start=\"2832\" data-end=\"2848\">[FORMULARIO DE CONTACT\u00c1NOS]<\/strong><\/p>\n<p data-start=\"2850\" data-end=\"2920\">Se puede requerir verificaci\u00f3n de identidad antes de realizar cambios.<\/p>\n<hr data-start=\"2922\" data-end=\"2925\" \/>\n<h3 data-start=\"2927\" data-end=\"2956\"><strong>6. Destino de los datos<\/strong><\/h3>\n<p data-start=\"2957\" data-end=\"3061\">Solo se env\u00edan datos a:<br data-start=\"2980\" data-end=\"2983\" \/>\u2714 Sistema anti-spam<\/p>\n<p data-start=\"3063\" data-end=\"3217\">\ud83d\udc49 <strong data-start=\"3066\" data-end=\"3124\">No se realizan transferencias internacionales de datos<\/strong> sin tu consentimiento, salvo las necesarias por los servicios mencionados y sujetas al RGPD.<\/p>\n<hr data-start=\"3219\" data-end=\"3222\" \/>\n<h3 data-start=\"3224\" data-end=\"3255\"><strong>7. Seguridad de los datos<\/strong><\/h3>\n<p data-start=\"3256\" data-end=\"3334\">Empleamos medidas t\u00e9cnicas y organizativas para proteger tus datos frente a:<\/p>\n<ul data-start=\"3335\" data-end=\"3389\">\n<li data-start=\"3335\" data-end=\"3361\">\n<p data-start=\"3337\" data-end=\"3361\">Accesos no autorizados<\/p>\n<\/li>\n<li data-start=\"3362\" data-end=\"3376\">\n<p data-start=\"3364\" data-end=\"3376\">Alteraci\u00f3n<\/p>\n<\/li>\n<li data-start=\"3377\" data-end=\"3389\">\n<p data-start=\"3379\" data-end=\"3389\">P\u00e9rdidas<\/p>\n<\/li>\n<\/ul>\n<p data-start=\"3391\" data-end=\"3455\"><strong>Sin embargo, ning\u00fan sistema es completamente seguro en Internet.<\/strong><\/p>\n<p data-start=\"3462\" data-end=\"3485\"><\/p>\n<p><\/p>\n<p><\/p>[\/et_pb_text][\/et_pb_column][\/et_pb_row][\/et_pb_section]","protected":false},"excerpt":{"rendered":"<p>\ud83d\udccc POL\u00cdTICA DE PRIVACIDAD EL RYDER GAMER &amp; OTAKUWeb: elrydergamerotak-aqim8f06rb.live-website.com\/ \u00daltima actualizaci\u00f3n: 24\/10\/2025 1. Responsable del Tratamiento de Datos El responsable del tratamiento de los datos de esta web es:EL RYDER GAMER &amp; OTAKU \ud83d\udce7 Email de contacto para privacidad: [contactar v\u00eda formulario proporcionado en mas abajo]\ud83d\udccd Pa\u00eds: Espa\u00f1aNormativa aplicable: RGPD (UE) 2016\/679 y LOPDGDD [&hellip;]<\/p>\n","protected":false},"author":1,"featured_media":0,"parent":0,"menu_order":0,"comment_status":"closed","ping_status":"closed","template":"","meta":{"_et_pb_use_builder":"on","_et_pb_old_content":"<!-- wp:heading -->\n<h2 class=\"wp-block-heading\">Qui\u00e9nes somos<\/h2>\n<!-- \/wp:heading -->\n\n<!-- wp:heading -->\n<h2 class=\"wp-block-heading\">EL RYDER GAMER&amp;OTAKU<\/h2>\n<!-- \/wp:heading -->\n\n<!-- wp:heading {\"level\":3} -->\n<h3 class=\"wp-block-heading\"><strong>Web: elrydergamerotak-aqim8f06rb.live-website.com\/<\/strong><\/h3>\n<!-- \/wp:heading -->\n\n<!-- wp:heading -->\n<h2 class=\"wp-block-heading\">Comentarios<\/h2>\n<!-- \/wp:heading -->\n\n<!-- wp:paragraph -->\n<p>Cuando los visitantes dejan comentarios en la web, recopilamos los datos que se muestran en el formulario de comentarios, as\u00ed como la direcci\u00f3n IP del visitante y la cadena de agentes de usuario del navegador para ayudar a la detecci\u00f3n de spam.<\/p>\n<!-- \/wp:paragraph -->\n\n<!-- wp:paragraph -->\n<p>Una cadena an\u00f3nima creada a partir de tu direcci\u00f3n de correo electr\u00f3nico (tambi\u00e9n llamada hash) puede ser proporcionada al servicio de <strong>Gravatar<\/strong> para ver si la est\u00e1s usando. La pol\u00edtica de privacidad del servicio <strong>Gravatar <\/strong>est\u00e1 disponible aqu\u00ed: <strong>https:\/\/automattic.com\/privacy\/.<\/strong> Despu\u00e9s de la aprobaci\u00f3n de tu comentario, la imagen de tu perfil es visible para el p\u00fablico en el contexto de tu comentario.<\/p>\n<!-- \/wp:paragraph -->\n\n<!-- wp:heading -->\n<h2 class=\"wp-block-heading\">Medios, fotos, videos..<\/h2>\n<!-- \/wp:heading -->\n\n<!-- wp:paragraph -->\n<p>Si subes im\u00e1genes a la web, deber\u00edas evitar subir im\u00e1genes con datos de ubicaci\u00f3n (GPS EXIF) incluidos. <strong>Los visitantes de la web pueden descargar y extraer cualquier dato de ubicaci\u00f3n de las im\u00e1genes de la web. para ello es recomendable vigilar que es lo que subes a la web.<\/strong><\/p>\n<!-- \/wp:paragraph -->\n\n<!-- wp:heading -->\n<h2 class=\"wp-block-heading\">Cookies<\/h2>\n<!-- \/wp:heading -->\n\n<!-- wp:paragraph -->\n<p>Si dejas un comentario en nuestro sitio puedes elegir guardar tu nombre, direcci\u00f3n de correo electr\u00f3nico y web en cookies. Esto es para tu comodidad, para que no tengas que volver a rellenar tus datos cuando dejes otro comentario. Estas cookies tendr\u00e1n una duraci\u00f3n de un a\u00f1o.<\/p>\n<!-- \/wp:paragraph -->\n\n<!-- wp:paragraph -->\n<p>Si tienes una cuenta y te conectas a este sitio, instalaremos una cookie temporal para determinar si tu navegador acepta cookies. Esta cookie no contiene datos personales y se elimina al cerrar el navegador.<\/p>\n<!-- \/wp:paragraph -->\n\n<!-- wp:paragraph -->\n<p>Cuando accedas, tambi\u00e9n instalaremos varias cookies para guardar tu informaci\u00f3n de acceso y tus opciones de visualizaci\u00f3n de pantalla. Las cookies de acceso duran dos d\u00edas, y las cookies de opciones de pantalla duran un a\u00f1o. Si seleccionas \u00abRecu\u00e9rdarme\u00bb, tu acceso perdurar\u00e1 durante dos semanas. Si sales de tu cuenta, las cookies de acceso se eliminar\u00e1n.<\/p>\n<!-- \/wp:paragraph -->\n\n<!-- wp:paragraph -->\n<p>Si editas o publicas un art\u00edculo se guardar\u00e1 una cookie adicional en tu navegador. Esta cookie no incluye datos personales y simplemente indica el ID del art\u00edculo que acabas de editar. Caduca despu\u00e9s de 1 d\u00eda.<\/p>\n<!-- \/wp:paragraph -->\n\n<!-- wp:heading -->\n<h2 class=\"wp-block-heading\">Contenido incrustado de otros sitios web<\/h2>\n<!-- \/wp:heading -->\n\n<!-- wp:paragraph -->\n<p><strong class=\"privacy-policy-tutorial\">Texto sugerido: <\/strong>Los art\u00edculos de este sitio pueden incluir contenido incrustado (por ejemplo, v\u00eddeos, im\u00e1genes, art\u00edculos, etc.). El contenido incrustado de otras webs se comporta exactamente de la misma manera que si el visitante hubiera visitado la otra web.<\/p>\n<!-- \/wp:paragraph -->\n\n<!-- wp:paragraph -->\n<p>Estas web pueden recopilar datos sobre ti, utilizar cookies, incrustar un seguimiento adicional de terceros, y supervisar tu interacci\u00f3n con ese contenido incrustado, incluido el seguimiento de tu interacci\u00f3n con el contenido incrustado si tienes una cuenta y est\u00e1s conectado a esa web.<\/p>\n<!-- \/wp:paragraph -->\n\n<!-- wp:heading -->\n<h2 class=\"wp-block-heading\">Con qui\u00e9n compartimos tus datos<\/h2>\n<!-- \/wp:heading -->\n\n<!-- wp:paragraph -->\n<p><strong class=\"privacy-policy-tutorial\"> <\/strong>Si solicitas un restablecimiento de contrase\u00f1a, tu direcci\u00f3n IP ser\u00e1 incluida en el correo electr\u00f3nico de restablecimiento.<\/p>\n<!-- \/wp:paragraph -->\n\n<!-- wp:paragraph -->\n<p><strong>Nosotros no compartimos tus datos con nadie son de tratamiento \u00fanico para los que nos contact\u00e1is.<\/strong><\/p>\n<!-- \/wp:paragraph -->\n\n<!-- wp:heading -->\n<h2 class=\"wp-block-heading\">Cu\u00e1nto tiempo conservamos tus datos<\/h2>\n<!-- \/wp:heading -->\n\n<!-- wp:paragraph -->\n<p><strong>Si dejas un comentario, el comentario y sus metadatos se conservan indefinidamente<\/strong>. Esto es para que podamos reconocer y aprobar comentarios sucesivos autom\u00e1ticamente, en lugar de mantenerlos en una cola de moderaci\u00f3n.<\/p>\n<!-- \/wp:paragraph -->\n\n<!-- wp:paragraph -->\n<p>De los usuarios que se registran en nuestra web (si los hay), tambi\u00e9n almacenamos la informaci\u00f3n personal que proporcionan en su perfil de usuario. Todos los usuarios pueden ver, editar o eliminar su informaci\u00f3n personal en cualquier momento (<strong>excepto que no pueden cambiar su nombre de usuario<\/strong>). Los administradores de la web tambi\u00e9n pueden ver y editar esa informaci\u00f3n.<\/p>\n<!-- \/wp:paragraph -->\n\n<!-- wp:paragraph -->\n<p><strong>Nosotros no compartimos tus datos con nadie son de tratamiento \u00fanico para los que nos contact\u00e1is.<\/strong><\/p>\n<!-- \/wp:paragraph -->\n\n<!-- wp:paragraph -->\n<p><strong>Los datos que nos proporciones en el formulario de contacto ser\u00e1n guardados y posteriormente eliminados en un a\u00f1o seg\u00fan su antig\u00fcedad<\/strong> <strong>para preservar la privacidad<\/strong>.<\/p>\n<!-- \/wp:paragraph -->\n\n<!-- wp:heading -->\n<h2 class=\"wp-block-heading\">Qu\u00e9 derechos tienes sobre tus datos<\/h2>\n<!-- \/wp:heading -->\n\n<!-- wp:paragraph -->\n<p>Si tienes una cuenta o has dejado comentarios en esta web, puedes solicitar recibir un archivo de exportaci\u00f3n de los datos personales que tenemos sobre ti, incluyendo cualquier dato que nos hayas proporcionado. Tambi\u00e9n puedes solicitar que eliminemos cualquier dato personal que tengamos sobre ti. Esto no incluye ning\u00fan dato que estemos obligados a conservar con fines administrativos, legales o de seguridad.<\/p>\n<!-- \/wp:paragraph -->\n\n<!-- wp:heading -->\n<h2 class=\"wp-block-heading\">D\u00f3nde se env\u00edan tus datos<\/h2>\n<!-- \/wp:heading -->\n\n<!-- wp:paragraph -->\n<p>Exceptuando el servicio de spam y los videos embebidos de YouTube que estos recolectan como si se navegara por su web por el resto no se envia ningun dato mas.<\/p>\n<!-- \/wp:paragraph -->\n\n<!-- wp:paragraph -->\n<p><\/p>\n<!-- \/wp:paragraph -->","_et_gb_content_width":"","_themeisle_gutenberg_block_has_review":false,"footnotes":""},"class_list":["post-4731","page","type-page","status-publish","hentry"],"_links":{"self":[{"href":"https:\/\/elryderfrik.com\/en\/wp-json\/wp\/v2\/pages\/4731","targetHints":{"allow":["GET"]}}],"collection":[{"href":"https:\/\/elryderfrik.com\/en\/wp-json\/wp\/v2\/pages"}],"about":[{"href":"https:\/\/elryderfrik.com\/en\/wp-json\/wp\/v2\/types\/page"}],"author":[{"embeddable":true,"href":"https:\/\/elryderfrik.com\/en\/wp-json\/wp\/v2\/users\/1"}],"replies":[{"embeddable":true,"href":"https:\/\/elryderfrik.com\/en\/wp-json\/wp\/v2\/comments?post=4731"}],"version-history":[{"count":0,"href":"https:\/\/elryderfrik.com\/en\/wp-json\/wp\/v2\/pages\/4731\/revisions"}],"wp:attachment":[{"href":"https:\/\/elryderfrik.com\/en\/wp-json\/wp\/v2\/media?parent=4731"}],"curies":[{"name":"wp","href":"https:\/\/api.w.org\/{rel}","templated":true}]}}